{"id":1579,"date":"2024-04-25T23:13:18","date_gmt":"2024-04-25T20:13:18","guid":{"rendered":"https:\/\/krause.com.tr\/?post_type=product&#038;p=1579"},"modified":"2024-04-25T23:13:18","modified_gmt":"2024-04-25T20:13:18","slug":"cayli-uzumlu-kurabiye-400-gr","status":"publish","type":"product","link":"https:\/\/krause.com.tr\/?product=cayli-uzumlu-kurabiye-400-gr","title":{"rendered":"\u00c7ayl\u0131 \u00dcz\u00fcml\u00fc Kurabiye 400 gr"},"content":{"rendered":"","protected":false},"excerpt":{"rendered":"","protected":false},"featured_media":1564,"comment_status":"open","ping_status":"closed","template":"","meta":[],"product_cat":[83],"product_tag":[],"_links":{"self":[{"href":"https:\/\/krause.com.tr\/index.php?rest_route=\/wp\/v2\/product\/1579"}],"collection":[{"href":"https:\/\/krause.com.tr\/index.php?rest_route=\/wp\/v2\/product"}],"about":[{"href":"https:\/\/krause.com.tr\/index.php?rest_route=\/wp\/v2\/types\/product"}],"replies":[{"embeddable":true,"href":"https:\/\/krause.com.tr\/index.php?rest_route=%2Fwp%2Fv2%2Fcomments&post=1579"}],"wp:featuredmedia":[{"embeddable":true,"href":"https:\/\/krause.com.tr\/index.php?rest_route=\/wp\/v2\/media\/1564"}],"wp:attachment":[{"href":"https:\/\/krause.com.tr\/index.php?rest_route=%2Fwp%2Fv2%2Fmedia&parent=1579"}],"wp:term":[{"taxonomy":"product_cat","embeddable":true,"href":"https:\/\/krause.com.tr\/index.php?rest_route=%2Fwp%2Fv2%2Fproduct_cat&post=1579"},{"taxonomy":"product_tag","embeddable":true,"href":"https:\/\/krause.com.tr\/index.php?rest_route=%2Fwp%2Fv2%2Fproduct_tag&post=1579"}],"curies":[{"name":"wp","href":"https:\/\/api.w.org\/{rel}","templated":true}]}}