{"id":1541,"date":"2024-04-25T20:51:31","date_gmt":"2024-04-25T17:51:31","guid":{"rendered":"https:\/\/krause.com.tr\/?post_type=product&#038;p=1541"},"modified":"2024-04-25T22:52:14","modified_gmt":"2024-04-25T19:52:14","slug":"halka-tuzlu-kurabiye","status":"publish","type":"product","link":"https:\/\/krause.com.tr\/?product=halka-tuzlu-kurabiye","title":{"rendered":"\u00c7ayl\u0131 Halka Tuzlu Kurabiye"},"content":{"rendered":"","protected":false},"excerpt":{"rendered":"<p>Kilogram Fiyat\u0131<\/p>\n","protected":false},"featured_media":1498,"comment_status":"open","ping_status":"closed","template":"","meta":[],"product_cat":[82],"product_tag":[],"_links":{"self":[{"href":"https:\/\/krause.com.tr\/index.php?rest_route=\/wp\/v2\/product\/1541"}],"collection":[{"href":"https:\/\/krause.com.tr\/index.php?rest_route=\/wp\/v2\/product"}],"about":[{"href":"https:\/\/krause.com.tr\/index.php?rest_route=\/wp\/v2\/types\/product"}],"replies":[{"embeddable":true,"href":"https:\/\/krause.com.tr\/index.php?rest_route=%2Fwp%2Fv2%2Fcomments&post=1541"}],"wp:featuredmedia":[{"embeddable":true,"href":"https:\/\/krause.com.tr\/index.php?rest_route=\/wp\/v2\/media\/1498"}],"wp:attachment":[{"href":"https:\/\/krause.com.tr\/index.php?rest_route=%2Fwp%2Fv2%2Fmedia&parent=1541"}],"wp:term":[{"taxonomy":"product_cat","embeddable":true,"href":"https:\/\/krause.com.tr\/index.php?rest_route=%2Fwp%2Fv2%2Fproduct_cat&post=1541"},{"taxonomy":"product_tag","embeddable":true,"href":"https:\/\/krause.com.tr\/index.php?rest_route=%2Fwp%2Fv2%2Fproduct_tag&post=1541"}],"curies":[{"name":"wp","href":"https:\/\/api.w.org\/{rel}","templated":true}]}}