{"id":1536,"date":"2024-04-25T20:44:08","date_gmt":"2024-04-25T17:44:08","guid":{"rendered":"https:\/\/krause.com.tr\/?post_type=product&#038;p=1536"},"modified":"2024-04-25T22:52:05","modified_gmt":"2024-04-25T19:52:05","slug":"un-kurabiyesi","status":"publish","type":"product","link":"https:\/\/krause.com.tr\/?product=un-kurabiyesi","title":{"rendered":"\u00c7ayl\u0131 Un Kurabiyesi"},"content":{"rendered":"","protected":false},"excerpt":{"rendered":"<p>Kilogram Fiyat\u0131<\/p>\n","protected":false},"featured_media":1490,"comment_status":"open","ping_status":"closed","template":"","meta":[],"product_cat":[81],"product_tag":[],"_links":{"self":[{"href":"https:\/\/krause.com.tr\/index.php?rest_route=\/wp\/v2\/product\/1536"}],"collection":[{"href":"https:\/\/krause.com.tr\/index.php?rest_route=\/wp\/v2\/product"}],"about":[{"href":"https:\/\/krause.com.tr\/index.php?rest_route=\/wp\/v2\/types\/product"}],"replies":[{"embeddable":true,"href":"https:\/\/krause.com.tr\/index.php?rest_route=%2Fwp%2Fv2%2Fcomments&post=1536"}],"wp:featuredmedia":[{"embeddable":true,"href":"https:\/\/krause.com.tr\/index.php?rest_route=\/wp\/v2\/media\/1490"}],"wp:attachment":[{"href":"https:\/\/krause.com.tr\/index.php?rest_route=%2Fwp%2Fv2%2Fmedia&parent=1536"}],"wp:term":[{"taxonomy":"product_cat","embeddable":true,"href":"https:\/\/krause.com.tr\/index.php?rest_route=%2Fwp%2Fv2%2Fproduct_cat&post=1536"},{"taxonomy":"product_tag","embeddable":true,"href":"https:\/\/krause.com.tr\/index.php?rest_route=%2Fwp%2Fv2%2Fproduct_tag&post=1536"}],"curies":[{"name":"wp","href":"https:\/\/api.w.org\/{rel}","templated":true}]}}