{"id":1530,"date":"2024-04-25T20:35:40","date_gmt":"2024-04-25T17:35:40","guid":{"rendered":"https:\/\/krause.com.tr\/?post_type=product&#038;p=1530"},"modified":"2024-04-25T22:51:49","modified_gmt":"2024-04-25T19:51:49","slug":"kayisili-kurabiye","status":"publish","type":"product","link":"https:\/\/krause.com.tr\/?product=kayisili-kurabiye","title":{"rendered":"\u00c7ayl\u0131 Kay\u0131s\u0131l\u0131 Kurabiye"},"content":{"rendered":"","protected":false},"excerpt":{"rendered":"<p>Kilogram Fiyat\u0131<\/p>\n","protected":false},"featured_media":1480,"comment_status":"open","ping_status":"closed","template":"","meta":[],"product_cat":[81],"product_tag":[],"_links":{"self":[{"href":"https:\/\/krause.com.tr\/index.php?rest_route=\/wp\/v2\/product\/1530"}],"collection":[{"href":"https:\/\/krause.com.tr\/index.php?rest_route=\/wp\/v2\/product"}],"about":[{"href":"https:\/\/krause.com.tr\/index.php?rest_route=\/wp\/v2\/types\/product"}],"replies":[{"embeddable":true,"href":"https:\/\/krause.com.tr\/index.php?rest_route=%2Fwp%2Fv2%2Fcomments&post=1530"}],"wp:featuredmedia":[{"embeddable":true,"href":"https:\/\/krause.com.tr\/index.php?rest_route=\/wp\/v2\/media\/1480"}],"wp:attachment":[{"href":"https:\/\/krause.com.tr\/index.php?rest_route=%2Fwp%2Fv2%2Fmedia&parent=1530"}],"wp:term":[{"taxonomy":"product_cat","embeddable":true,"href":"https:\/\/krause.com.tr\/index.php?rest_route=%2Fwp%2Fv2%2Fproduct_cat&post=1530"},{"taxonomy":"product_tag","embeddable":true,"href":"https:\/\/krause.com.tr\/index.php?rest_route=%2Fwp%2Fv2%2Fproduct_tag&post=1530"}],"curies":[{"name":"wp","href":"https:\/\/api.w.org\/{rel}","templated":true}]}}