{"id":1521,"date":"2024-04-25T20:16:26","date_gmt":"2024-04-25T17:16:26","guid":{"rendered":"https:\/\/krause.com.tr\/?post_type=product&#038;p=1521"},"modified":"2024-04-25T22:53:59","modified_gmt":"2024-04-25T19:53:59","slug":"findikli-kurabiye","status":"publish","type":"product","link":"https:\/\/krause.com.tr\/?product=findikli-kurabiye","title":{"rendered":"\u00c7ayl\u0131 F\u0131nd\u0131kl\u0131 Kurabiye"},"content":{"rendered":"","protected":false},"excerpt":{"rendered":"<p>Kilogram Fiyat\u0131<\/p>\n","protected":false},"featured_media":1462,"comment_status":"open","ping_status":"closed","template":"","meta":[],"product_cat":[80],"product_tag":[],"_links":{"self":[{"href":"https:\/\/krause.com.tr\/index.php?rest_route=\/wp\/v2\/product\/1521"}],"collection":[{"href":"https:\/\/krause.com.tr\/index.php?rest_route=\/wp\/v2\/product"}],"about":[{"href":"https:\/\/krause.com.tr\/index.php?rest_route=\/wp\/v2\/types\/product"}],"replies":[{"embeddable":true,"href":"https:\/\/krause.com.tr\/index.php?rest_route=%2Fwp%2Fv2%2Fcomments&post=1521"}],"wp:featuredmedia":[{"embeddable":true,"href":"https:\/\/krause.com.tr\/index.php?rest_route=\/wp\/v2\/media\/1462"}],"wp:attachment":[{"href":"https:\/\/krause.com.tr\/index.php?rest_route=%2Fwp%2Fv2%2Fmedia&parent=1521"}],"wp:term":[{"taxonomy":"product_cat","embeddable":true,"href":"https:\/\/krause.com.tr\/index.php?rest_route=%2Fwp%2Fv2%2Fproduct_cat&post=1521"},{"taxonomy":"product_tag","embeddable":true,"href":"https:\/\/krause.com.tr\/index.php?rest_route=%2Fwp%2Fv2%2Fproduct_tag&post=1521"}],"curies":[{"name":"wp","href":"https:\/\/api.w.org\/{rel}","templated":true}]}}