{"id":1451,"date":"2024-03-25T12:53:52","date_gmt":"2024-03-25T09:53:52","guid":{"rendered":"https:\/\/krause.com.tr\/?post_type=product&#038;p=1451"},"modified":"2024-03-25T12:53:53","modified_gmt":"2024-03-25T09:53:53","slug":"altin-spesiyal-kutusu-388-gr","status":"publish","type":"product","link":"https:\/\/krause.com.tr\/?product=altin-spesiyal-kutusu-388-gr","title":{"rendered":"Alt\u0131n Spesiyal Kutusu 388 Gr"},"content":{"rendered":"<p>Serin ve kuru yerde 16-20\u00b0C\u2019 de saklay\u0131n\u0131z. I\u015f\u0131k, koku ve nemden uzak tutunuz. Buzdolab\u0131na koymay\u0131n\u0131z.<\/p>\n<p>Mam\u00fcllerimizin hi\u00e7 birinde alkol, domuz ya\u011f\u0131 ve katk\u0131lar\u0131 yoktur.<\/p>\n<p>T\u00fcrk G\u0131da Kodeksi\u2019ne g\u00f6re \u00fcretilmi\u015ftir<\/p>\n","protected":false},"excerpt":{"rendered":"<p>Serin ve kuru yerde 16-20\u00b0C\u2019 de saklay\u0131n\u0131z. I\u015f\u0131k, koku ve nemden uzak tutunuz. Buzdolab\u0131na koymay\u0131n\u0131z. Mam\u00fcllerimizin hi\u00e7 birinde alkol, domuz ya\u011f\u0131 ve katk\u0131lar\u0131 yoktur. T\u00fcrk G\u0131da Kodeksi\u2019ne g\u00f6re \u00fcretilmi\u015ftir<\/p>\n","protected":false},"featured_media":1284,"comment_status":"open","ping_status":"closed","template":"","meta":[],"product_cat":[15],"product_tag":[],"_links":{"self":[{"href":"https:\/\/krause.com.tr\/index.php?rest_route=\/wp\/v2\/product\/1451"}],"collection":[{"href":"https:\/\/krause.com.tr\/index.php?rest_route=\/wp\/v2\/product"}],"about":[{"href":"https:\/\/krause.com.tr\/index.php?rest_route=\/wp\/v2\/types\/product"}],"replies":[{"embeddable":true,"href":"https:\/\/krause.com.tr\/index.php?rest_route=%2Fwp%2Fv2%2Fcomments&post=1451"}],"wp:featuredmedia":[{"embeddable":true,"href":"https:\/\/krause.com.tr\/index.php?rest_route=\/wp\/v2\/media\/1284"}],"wp:attachment":[{"href":"https:\/\/krause.com.tr\/index.php?rest_route=%2Fwp%2Fv2%2Fmedia&parent=1451"}],"wp:term":[{"taxonomy":"product_cat","embeddable":true,"href":"https:\/\/krause.com.tr\/index.php?rest_route=%2Fwp%2Fv2%2Fproduct_cat&post=1451"},{"taxonomy":"product_tag","embeddable":true,"href":"https:\/\/krause.com.tr\/index.php?rest_route=%2Fwp%2Fv2%2Fproduct_tag&post=1451"}],"curies":[{"name":"wp","href":"https:\/\/api.w.org\/{rel}","templated":true}]}}