{"id":1446,"date":"2024-03-25T12:28:06","date_gmt":"2024-03-25T09:28:06","guid":{"rendered":"https:\/\/krause.com.tr\/?post_type=product&#038;p=1446"},"modified":"2024-03-25T12:50:18","modified_gmt":"2024-03-25T09:50:18","slug":"bind-cekmeceli-cikolata-450-gr","status":"publish","type":"product","link":"https:\/\/krause.com.tr\/?product=bind-cekmeceli-cikolata-450-gr","title":{"rendered":"Bind \u00e7ekmeceli \u00e7ikolata 450 gr"},"content":{"rendered":"","protected":false},"excerpt":{"rendered":"<p>Bind \u00e7ikolata \u00c7ekmecel\u0131 Kutu 450 Gr<\/p>\n","protected":false},"featured_media":1447,"comment_status":"open","ping_status":"closed","template":"","meta":[],"product_cat":[15],"product_tag":[],"_links":{"self":[{"href":"https:\/\/krause.com.tr\/index.php?rest_route=\/wp\/v2\/product\/1446"}],"collection":[{"href":"https:\/\/krause.com.tr\/index.php?rest_route=\/wp\/v2\/product"}],"about":[{"href":"https:\/\/krause.com.tr\/index.php?rest_route=\/wp\/v2\/types\/product"}],"replies":[{"embeddable":true,"href":"https:\/\/krause.com.tr\/index.php?rest_route=%2Fwp%2Fv2%2Fcomments&post=1446"}],"wp:featuredmedia":[{"embeddable":true,"href":"https:\/\/krause.com.tr\/index.php?rest_route=\/wp\/v2\/media\/1447"}],"wp:attachment":[{"href":"https:\/\/krause.com.tr\/index.php?rest_route=%2Fwp%2Fv2%2Fmedia&parent=1446"}],"wp:term":[{"taxonomy":"product_cat","embeddable":true,"href":"https:\/\/krause.com.tr\/index.php?rest_route=%2Fwp%2Fv2%2Fproduct_cat&post=1446"},{"taxonomy":"product_tag","embeddable":true,"href":"https:\/\/krause.com.tr\/index.php?rest_route=%2Fwp%2Fv2%2Fproduct_tag&post=1446"}],"curies":[{"name":"wp","href":"https:\/\/api.w.org\/{rel}","templated":true}]}}