{"id":1299,"date":"2020-11-27T14:04:06","date_gmt":"2020-11-27T11:04:06","guid":{"rendered":"http:\/\/krause.com.tr\/?post_type=product&#038;p=1299"},"modified":"2024-03-25T12:48:36","modified_gmt":"2024-03-25T09:48:36","slug":"bind-madlen-red","status":"publish","type":"product","link":"https:\/\/krause.com.tr\/?product=bind-madlen-red","title":{"rendered":"Bind Madlen (Red) 370 gr"},"content":{"rendered":"","protected":false},"excerpt":{"rendered":"<p><span style=\"color: #333333\">Madlen Red<\/span><\/p>\n<p><span style=\"color: #333333\">Bind klasi\u011fi olan madlen lezzetleri Gold renkli kutu tasar\u0131m\u0131 ile damaklarda e\u015fsiz tatlar b\u0131rakacak.<\/span><\/p>\n<p>57 Adet Madlen \u00c7ikolata<\/p>\n<p><span style=\"color: #333333\">Net A\u011f\u0131rl\u0131k : 370g<\/span><\/p>\n","protected":false},"featured_media":1291,"comment_status":"open","ping_status":"closed","template":"","meta":[],"product_cat":[60],"product_tag":[61,73],"_links":{"self":[{"href":"https:\/\/krause.com.tr\/index.php?rest_route=\/wp\/v2\/product\/1299"}],"collection":[{"href":"https:\/\/krause.com.tr\/index.php?rest_route=\/wp\/v2\/product"}],"about":[{"href":"https:\/\/krause.com.tr\/index.php?rest_route=\/wp\/v2\/types\/product"}],"replies":[{"embeddable":true,"href":"https:\/\/krause.com.tr\/index.php?rest_route=%2Fwp%2Fv2%2Fcomments&post=1299"}],"wp:featuredmedia":[{"embeddable":true,"href":"https:\/\/krause.com.tr\/index.php?rest_route=\/wp\/v2\/media\/1291"}],"wp:attachment":[{"href":"https:\/\/krause.com.tr\/index.php?rest_route=%2Fwp%2Fv2%2Fmedia&parent=1299"}],"wp:term":[{"taxonomy":"product_cat","embeddable":true,"href":"https:\/\/krause.com.tr\/index.php?rest_route=%2Fwp%2Fv2%2Fproduct_cat&post=1299"},{"taxonomy":"product_tag","embeddable":true,"href":"https:\/\/krause.com.tr\/index.php?rest_route=%2Fwp%2Fv2%2Fproduct_tag&post=1299"}],"curies":[{"name":"wp","href":"https:\/\/api.w.org\/{rel}","templated":true}]}}