{"id":1254,"date":"2020-11-27T13:28:06","date_gmt":"2020-11-27T10:28:06","guid":{"rendered":"http:\/\/krause.com.tr\/?post_type=product&#038;p=1254"},"modified":"2024-03-25T12:56:52","modified_gmt":"2024-03-25T09:56:52","slug":"tarihi-adiyaman-kahvesi-menengic","status":"publish","type":"product","link":"https:\/\/krause.com.tr\/?product=tarihi-adiyaman-kahvesi-menengic","title":{"rendered":"Tarihi Ad\u0131yaman Kahvesi Menengi\u00e7"},"content":{"rendered":"","protected":false},"excerpt":{"rendered":"<p>Tarihi Ad\u0131yaman Kahvesi Menengi\u00e7 250gr<\/p>\n<p>Geleneksel T\u00fcrk k\u00fclt\u00fcr\u00fcn\u00fcn en g\u00fczel ve en \u00f6zel al\u0131\u015fkanl\u0131klar\u0131ndan biridir. Yemek sonras\u0131 hi\u00e7 bir tat onun yerine doldurmaz. O, soluklanmak i\u00e7in bir mola, keyifli sohbetlere ho\u015f bir vesile, a\u011f\u0131r bir yeme\u011fin ard\u0131 s\u0131ra mideyi rahatlatacak bir tat. Uyar\u0131r, yat\u0131\u015ft\u0131r\u0131r, keyifli ve lezzetlidir. D\u00fcnyaya arma\u011fan\u0131m\u0131z olan s\u0131cak bir i\u00e7ecekten ziyade \u00f6rf ve adetlerimiz i\u00e7ine yerle\u015fen bir k\u00fclt\u00fcrd\u00fcr. O, be\u015f as\u0131rl\u0131k al\u0131\u015fkanl\u0131\u011f\u0131m\u0131z Tarihi Ad\u0131yaman Kahvesi.<\/p>\n","protected":false},"featured_media":1248,"comment_status":"open","ping_status":"closed","template":"","meta":[],"product_cat":[55],"product_tag":[59],"_links":{"self":[{"href":"https:\/\/krause.com.tr\/index.php?rest_route=\/wp\/v2\/product\/1254"}],"collection":[{"href":"https:\/\/krause.com.tr\/index.php?rest_route=\/wp\/v2\/product"}],"about":[{"href":"https:\/\/krause.com.tr\/index.php?rest_route=\/wp\/v2\/types\/product"}],"replies":[{"embeddable":true,"href":"https:\/\/krause.com.tr\/index.php?rest_route=%2Fwp%2Fv2%2Fcomments&post=1254"}],"wp:featuredmedia":[{"embeddable":true,"href":"https:\/\/krause.com.tr\/index.php?rest_route=\/wp\/v2\/media\/1248"}],"wp:attachment":[{"href":"https:\/\/krause.com.tr\/index.php?rest_route=%2Fwp%2Fv2%2Fmedia&parent=1254"}],"wp:term":[{"taxonomy":"product_cat","embeddable":true,"href":"https:\/\/krause.com.tr\/index.php?rest_route=%2Fwp%2Fv2%2Fproduct_cat&post=1254"},{"taxonomy":"product_tag","embeddable":true,"href":"https:\/\/krause.com.tr\/index.php?rest_route=%2Fwp%2Fv2%2Fproduct_tag&post=1254"}],"curies":[{"name":"wp","href":"https:\/\/api.w.org\/{rel}","templated":true}]}}