{"id":479,"date":"2020-09-21T06:01:26","date_gmt":"2020-09-21T03:01:26","guid":{"rendered":"http:\/\/krause.com.tr\/?page_id=479"},"modified":"2020-11-28T12:57:05","modified_gmt":"2020-11-28T09:57:05","slug":"hakkimizda","status":"publish","type":"page","link":"https:\/\/krause.com.tr\/?page_id=479","title":{"rendered":"Hakk\u0131m\u0131zda"},"content":{"rendered":"\t\t<div data-elementor-type=\"wp-page\" data-elementor-id=\"479\" class=\"elementor elementor-479\">\n\t\t\t\t\t\t<div class=\"elementor-inner\">\n\t\t\t\t<div class=\"elementor-section-wrap\">\n\t\t\t\t\t\t\t\t\t<section class=\"elementor-section elementor-top-section elementor-element elementor-element-c5428a1 elementor-section-boxed elementor-section-height-default elementor-section-height-default\" data-id=\"c5428a1\" data-element_type=\"section\">\n\t\t\t\t\t\t<div class=\"elementor-container elementor-column-gap-default\">\n\t\t\t\t\t\t\t<div class=\"elementor-row\">\n\t\t\t\t\t<div class=\"elementor-column elementor-col-50 elementor-top-column elementor-element elementor-element-268aa7a\" data-id=\"268aa7a\" data-element_type=\"column\">\n\t\t\t<div class=\"elementor-column-wrap elementor-element-populated\">\n\t\t\t\t\t\t\t<div class=\"elementor-widget-wrap\">\n\t\t\t\t\t\t<div class=\"elementor-element elementor-element-3945267 elementor-widget elementor-widget-text-editor\" data-id=\"3945267\" data-element_type=\"widget\" data-widget_type=\"text-editor.default\">\n\t\t\t\t<div class=\"elementor-widget-container\">\n\t\t\t\t\t\t\t\t<div class=\"elementor-text-editor elementor-clearfix\">\n\t\t\t\t<p>1993 y\u0131l\u0131nda Ankara\u2019da kurulan firmam\u0131z T\u00fcrkiye\u2019de 20 y\u0131l\u0131 a\u015fk\u0131n bir s\u00fcredir katma de\u011fer katmaktad\u0131r. Farkl\u0131l\u0131klar\u0131m\u0131z \u00e7al\u0131\u015fkanl\u0131\u011f\u0131m\u0131z ve g\u00fcvenirli\u011fimizdir. Bizim i\u00e7in ba\u015far\u0131n\u0131n anahtar\u0131 insand\u0131r. Profesyonel ekip taraf\u0131ndan ilerlemeye ve geli\u015fmeyi hedeflemi\u015ftir. Birlikte g\u00fcven ve i\u015f birli\u011fi ile, birbirimizden ilham alarak, birbirimize destek olarak \u00e7al\u0131\u015f\u0131yoruz. Stratejik hedeflerimize ula\u015fmak i\u00e7in bireysel becerilerimizi ortak bir paydada toplayarak, ayn\u0131 vizyonla ayn\u0131 gelece\u011fe do\u011fru ko\u015fuyoruz. K\u0131sa s\u00fcrede b\u00f6lgede tan\u0131nan ve d\u00fcr\u00fcst ve \u00e7al\u0131\u015fkan ekip ile firmalar\u0131n ve ki\u015filerin be\u011fenisini kazan\u0131p sekt\u00f6r\u00fcnde sevilen bir firma haline gelmi\u015ftir.<\/p>\t\t\t\t\t<\/div>\n\t\t\t\t\t\t<\/div>\n\t\t\t\t<\/div>\n\t\t\t\t\t\t<\/div>\n\t\t\t\t\t<\/div>\n\t\t<\/div>\n\t\t\t\t<div class=\"elementor-column elementor-col-50 elementor-top-column elementor-element elementor-element-3702890\" data-id=\"3702890\" data-element_type=\"column\">\n\t\t\t<div class=\"elementor-column-wrap elementor-element-populated\">\n\t\t\t\t\t\t\t<div class=\"elementor-widget-wrap\">\n\t\t\t\t\t\t<div class=\"elementor-element elementor-element-080b71a elementor-widget elementor-widget-image\" data-id=\"080b71a\" data-element_type=\"widget\" data-widget_type=\"image.default\">\n\t\t\t\t<div class=\"elementor-widget-container\">\n\t\t\t\t\t\t\t\t<div class=\"elementor-image\">\n\t\t\t\t\t\t\t\t\t\t\t\t<img width=\"546\" height=\"667\" src=\"https:\/\/krause.com.tr\/wp-content\/uploads\/2020\/11\/hbanner2.jpg\" class=\"attachment-large size-large\" alt=\"\" loading=\"lazy\" srcset=\"https:\/\/krause.com.tr\/wp-content\/uploads\/2020\/11\/hbanner2.jpg 546w, https:\/\/krause.com.tr\/wp-content\/uploads\/2020\/11\/hbanner2-246x300.jpg 246w\" sizes=\"(max-width: 546px) 100vw, 546px\" \/>\t\t\t\t\t\t\t\t\t\t\t\t\t\t<\/div>\n\t\t\t\t\t\t<\/div>\n\t\t\t\t<\/div>\n\t\t\t\t\t\t<\/div>\n\t\t\t\t\t<\/div>\n\t\t<\/div>\n\t\t\t\t\t\t\t\t<\/div>\n\t\t\t\t\t<\/div>\n\t\t<\/section>\n\t\t\t\t<section class=\"elementor-section elementor-top-section elementor-element elementor-element-8743314 elementor-section-boxed elementor-section-height-default elementor-section-height-default\" data-id=\"8743314\" data-element_type=\"section\">\n\t\t\t\t\t\t<div class=\"elementor-container elementor-column-gap-default\">\n\t\t\t\t\t\t\t<div class=\"elementor-row\">\n\t\t\t\t\t<div class=\"elementor-column elementor-col-50 elementor-top-column elementor-element elementor-element-ad4f536\" data-id=\"ad4f536\" data-element_type=\"column\">\n\t\t\t<div class=\"elementor-column-wrap elementor-element-populated\">\n\t\t\t\t\t\t\t<div class=\"elementor-widget-wrap\">\n\t\t\t\t\t\t<div class=\"elementor-element elementor-element-9551f01 elementor-widget elementor-widget-image\" data-id=\"9551f01\" data-element_type=\"widget\" data-widget_type=\"image.default\">\n\t\t\t\t<div class=\"elementor-widget-container\">\n\t\t\t\t\t\t\t\t<div class=\"elementor-image\">\n\t\t\t\t\t\t\t\t\t\t\t\t<img width=\"546\" height=\"667\" src=\"https:\/\/krause.com.tr\/wp-content\/uploads\/2020\/11\/hbanner1.jpg\" class=\"attachment-large size-large\" alt=\"\" loading=\"lazy\" srcset=\"https:\/\/krause.com.tr\/wp-content\/uploads\/2020\/11\/hbanner1.jpg 546w, https:\/\/krause.com.tr\/wp-content\/uploads\/2020\/11\/hbanner1-246x300.jpg 246w\" sizes=\"(max-width: 546px) 100vw, 546px\" \/>\t\t\t\t\t\t\t\t\t\t\t\t\t\t<\/div>\n\t\t\t\t\t\t<\/div>\n\t\t\t\t<\/div>\n\t\t\t\t\t\t<\/div>\n\t\t\t\t\t<\/div>\n\t\t<\/div>\n\t\t\t\t<div class=\"elementor-column elementor-col-50 elementor-top-column elementor-element elementor-element-29c7b58\" data-id=\"29c7b58\" data-element_type=\"column\">\n\t\t\t<div class=\"elementor-column-wrap elementor-element-populated\">\n\t\t\t\t\t\t\t<div class=\"elementor-widget-wrap\">\n\t\t\t\t\t\t<div class=\"elementor-element elementor-element-34d8d33 elementor-widget elementor-widget-text-editor\" data-id=\"34d8d33\" data-element_type=\"widget\" data-widget_type=\"text-editor.default\">\n\t\t\t\t<div class=\"elementor-widget-container\">\n\t\t\t\t\t\t\t\t<div class=\"elementor-text-editor elementor-clearfix\">\n\t\t\t\t<p>G\u00fcvenilir marka olma \u00e7abas\u0131n\u0131n uzun ve zorlu bir yol oldu\u011funu ve s\u00fcreklilik gerektirdi\u011fini biliyoruz ve bunun i\u00e7in yat\u0131r\u0131mlar\u0131m\u0131z\u0131 kesmeden b\u00fcy\u00fcmeye ve s\u00fcrekli yenilenmeye devam ediyoruz. Takip eden de\u011fil takip edilen bir marka olup, olu\u015fturdu\u011fumuz de\u011ferlerle g\u0131da sekt\u00f6r\u00fcne yeni bir soluk katabilmek ad\u0131na m\u00fc\u015fterilerimiz beklentilerini anlay\u0131p buna y\u00f6nelik \u00fcr\u00fcnler \u00fcretebilen bir marka olarak \u00e7al\u0131\u015fmalar\u0131m\u0131za devam edece\u011fiz. T\u00fcm bu zorlu rekabet ve piyasa ko\u015fullar\u0131 i\u00e7erisinde her zaman bizim yan\u0131m\u0131zda olan m\u00fc\u015fterilerimize, tedarik\u00e7ilerimize ve elbette \u00e7al\u0131\u015fanlar\u0131m\u0131za te\u015fekk\u00fcr ederiz.<\/p>\t\t\t\t\t<\/div>\n\t\t\t\t\t\t<\/div>\n\t\t\t\t<\/div>\n\t\t\t\t\t\t<\/div>\n\t\t\t\t\t<\/div>\n\t\t<\/div>\n\t\t\t\t\t\t\t\t<\/div>\n\t\t\t\t\t<\/div>\n\t\t<\/section>\n\t\t\t\t\t\t\t\t\t<\/div>\n\t\t\t<\/div>\n\t\t\t\t\t<\/div>\n\t\t","protected":false},"excerpt":{"rendered":"<p>1993 y\u0131l\u0131nda Ankara\u2019da kurulan firmam\u0131z T\u00fcrkiye\u2019de 20 y\u0131l\u0131 a\u015fk\u0131n bir s\u00fcredir katma de\u011fer katmaktad\u0131r. Farkl\u0131l\u0131klar\u0131m\u0131z \u00e7al\u0131\u015fkanl\u0131\u011f\u0131m\u0131z ve g\u00fcvenirli\u011fimizdir. Bizim i\u00e7in ba\u015far\u0131n\u0131n anahtar\u0131 insand\u0131r. Profesyonel ekip taraf\u0131ndan ilerlemeye ve geli\u015fmeyi hedeflemi\u015ftir. Birlikte g\u00fcven ve i\u015f birli\u011fi ile, birbirimizden ilham alarak, birbirimize destek olarak \u00e7al\u0131\u015f\u0131yoruz. Stratejik hedeflerimize ula\u015fmak i\u00e7in bireysel becerilerimizi ortak bir paydada toplayarak, ayn\u0131 vizyonla [&hellip;]<\/p>\n","protected":false},"author":1,"featured_media":0,"parent":0,"menu_order":0,"comment_status":"closed","ping_status":"closed","template":"","meta":[],"_links":{"self":[{"href":"https:\/\/krause.com.tr\/index.php?rest_route=\/wp\/v2\/pages\/479"}],"collection":[{"href":"https:\/\/krause.com.tr\/index.php?rest_route=\/wp\/v2\/pages"}],"about":[{"href":"https:\/\/krause.com.tr\/index.php?rest_route=\/wp\/v2\/types\/page"}],"author":[{"embeddable":true,"href":"https:\/\/krause.com.tr\/index.php?rest_route=\/wp\/v2\/users\/1"}],"replies":[{"embeddable":true,"href":"https:\/\/krause.com.tr\/index.php?rest_route=%2Fwp%2Fv2%2Fcomments&post=479"}],"version-history":[{"count":7,"href":"https:\/\/krause.com.tr\/index.php?rest_route=\/wp\/v2\/pages\/479\/revisions"}],"predecessor-version":[{"id":1361,"href":"https:\/\/krause.com.tr\/index.php?rest_route=\/wp\/v2\/pages\/479\/revisions\/1361"}],"wp:attachment":[{"href":"https:\/\/krause.com.tr\/index.php?rest_route=%2Fwp%2Fv2%2Fmedia&parent=479"}],"curies":[{"name":"wp","href":"https:\/\/api.w.org\/{rel}","templated":true}]}}