{"id":154,"date":"2020-08-19T06:54:42","date_gmt":"2020-08-19T06:54:42","guid":{"rendered":"https:\/\/wpzita.com\/zitademo\/zita-storefront\/?page_id=154"},"modified":"2020-11-28T13:03:04","modified_gmt":"2020-11-28T10:03:04","slug":"contact-us","status":"publish","type":"page","link":"https:\/\/krause.com.tr\/?page_id=154","title":{"rendered":"\u0130leti\u015fim"},"content":{"rendered":"\t\t<div data-elementor-type=\"wp-page\" data-elementor-id=\"154\" class=\"elementor elementor-154\">\n\t\t\t\t\t\t<div class=\"elementor-inner\">\n\t\t\t\t<div class=\"elementor-section-wrap\">\n\t\t\t\t\t\t\t\t\t<section class=\"elementor-section elementor-top-section elementor-element elementor-element-b649027 elementor-section-boxed elementor-section-height-default elementor-section-height-default\" data-id=\"b649027\" data-element_type=\"section\" data-settings=\"{&quot;background_background&quot;:&quot;classic&quot;}\">\n\t\t\t\t\t\t<div class=\"elementor-container elementor-column-gap-default\">\n\t\t\t\t\t\t\t<div class=\"elementor-row\">\n\t\t\t\t\t<div class=\"elementor-column elementor-col-100 elementor-top-column elementor-element elementor-element-223b240\" data-id=\"223b240\" data-element_type=\"column\">\n\t\t\t<div class=\"elementor-column-wrap elementor-element-populated\">\n\t\t\t\t\t\t\t<div class=\"elementor-widget-wrap\">\n\t\t\t\t\t\t<div class=\"elementor-element elementor-element-1aa5c29 elementor-widget elementor-widget-spacer\" data-id=\"1aa5c29\" data-element_type=\"widget\" data-widget_type=\"spacer.default\">\n\t\t\t\t<div class=\"elementor-widget-container\">\n\t\t\t\t\t<div class=\"elementor-spacer\">\n\t\t\t<div class=\"elementor-spacer-inner\"><\/div>\n\t\t<\/div>\n\t\t\t\t<\/div>\n\t\t\t\t<\/div>\n\t\t\t\t<section class=\"elementor-section elementor-inner-section elementor-element elementor-element-99e5c41 elementor-section-boxed elementor-section-height-default elementor-section-height-default\" data-id=\"99e5c41\" data-element_type=\"section\">\n\t\t\t\t\t\t<div class=\"elementor-container elementor-column-gap-default\">\n\t\t\t\t\t\t\t<div class=\"elementor-row\">\n\t\t\t\t\t<div class=\"elementor-column elementor-col-50 elementor-inner-column elementor-element elementor-element-55d183d\" data-id=\"55d183d\" data-element_type=\"column\" data-settings=\"{&quot;background_background&quot;:&quot;classic&quot;}\">\n\t\t\t<div class=\"elementor-column-wrap elementor-element-populated\">\n\t\t\t\t\t\t\t<div class=\"elementor-widget-wrap\">\n\t\t\t\t\t\t<div class=\"elementor-element elementor-element-1735985 elementor-widget elementor-widget-heading\" data-id=\"1735985\" data-element_type=\"widget\" data-widget_type=\"heading.default\">\n\t\t\t\t<div class=\"elementor-widget-container\">\n\t\t\t<h2 class=\"elementor-heading-title elementor-size-default\">\u0130leti\u015fim<\/h2>\t\t<\/div>\n\t\t\t\t<\/div>\n\t\t\t\t<div class=\"elementor-element elementor-element-fa86c73 elementor-widget elementor-widget-lead-form-styler\" data-id=\"fa86c73\" data-element_type=\"widget\" data-widget_type=\"lead-form-styler.default\">\n\t\t\t\t<div class=\"elementor-widget-container\">\n\t\t\t   \r\n\t<div class=\"lead-form-wrapper\">\r\n\t\t\t    <div class=\"lead-form-container hide-form-title hide-input-label hide-radio-checkbox-label\">\r\n\t    \t\r\n\t    \t\t\t\t\t\t<div class=\"leadform-show-form-1 leadform-show-form  lf-form-default leadform-lite\"><div class=\"lead-head\"><\/div>\r\n               <form action=\"\" method=\"post\" class=\"lead-form-front\" id=\"form_1\" enctype=\"multipart\/form-data\">\r\n                <h2 class=\"lfb-heading\">\u0130leti\u015fim<\/h2><div class=\"name-type lf-field\"><label>Ad\u0131n\u0131z<\/label>\r\n        <span><input id=\"name_1\" type=\"text\" name=\"name_1\" class=\"lf-form-name\" value=\"\" required placeholder=\"Ad\u0131n\u0131z\/Soyad\u0131n\u0131z\" \/>\r\n        <\/span><\/div><div class=\"text-type lf-field\"><label>Eposta Adresiniz<\/label>\r\n        <span><input id=\"email_2\" type=\"email\" class=\"lf-form-text \" name=\"email_2\" required value=\"\" placeholder=\"Eposta\" \/>\r\n        <\/span><\/div><div class=\"text-type lf-field\"><label>Telefon Numaran\u0131z<\/label>\r\n        <span><input id=\"number_3\" type=\"number\" class=\"lf-form-text \" name=\"number_3\" required value=\"\" placeholder=\"Telefon Numaran\u0131z\" \/>\r\n        <\/span><\/div><div class=\"textarea-type lf-field\"><label>Mesaj\u0131n\u0131z<\/label>\r\n            <span><textarea id=\"message_4\" name=\"message_4\" class=\"lf-form-textarea\" value=\"Mesaj\u0131n\u0131z\" placeholder=\"Mesaj\u0131n\u0131z\" required><\/textarea>\r\n            <\/span><\/div><div class=\"lf-form-panel\"><div class=\"submit-type lf-field\"><label><input id=\"0\" class=\"lf-form-submit\" type=\"submit\" name=\"submit\" value=\"G\u00f6nder\"\/>\r\n                <\/label><\/div><\/div>\r\n                <div class=\"captcha-field-area\" id=\"captcha-field-area\"><\/div>\r\n                <input type=\"hidden\" class=\"hidden_field\" name=\"hidden_field\" value=\"1\"\/>\r\n                <input type=\"hidden\" class=\"this_form_captcha_status\" value=\"disable\"\/>\r\n                <div class=\"leadform-show-loading front-loading leadform-show-message-form-1\" >\r\n                <\/div>\r\n                <div class=\"lf-loading\">\r\n                    <div class=\"spinner\" id=\"loading_image\" style=\"display: none;\">\r\n                        <div class=\"bounce1\"><\/div>\r\n                        <div class=\"bounce2\"><\/div>\r\n                        <div class=\"bounce3\"><\/div>\r\n                    <\/div>\r\n                <\/div>\r\n                <\/form><p style=\"display:none\" redirect=\"\" class=\"successmsg_1 successmsg\">Thank You ...<\/p><\/div>\t\t<\/div>\r\n\t<\/div>\t\r\n\t\t<\/div>\n\t\t\t\t<\/div>\n\t\t\t\t\t\t<\/div>\n\t\t\t\t\t<\/div>\n\t\t<\/div>\n\t\t\t\t<div class=\"elementor-column elementor-col-50 elementor-inner-column elementor-element elementor-element-307ab5f\" data-id=\"307ab5f\" data-element_type=\"column\">\n\t\t\t<div class=\"elementor-column-wrap elementor-element-populated\">\n\t\t\t\t\t\t\t<div class=\"elementor-widget-wrap\">\n\t\t\t\t\t\t<div class=\"elementor-element elementor-element-3ccee9d elementor-widget elementor-widget-google_maps\" data-id=\"3ccee9d\" data-element_type=\"widget\" data-widget_type=\"google_maps.default\">\n\t\t\t\t<div class=\"elementor-widget-container\">\n\t\t\t\t\t<div class=\"elementor-custom-embed\">\n\t\t\t<iframe frameborder=\"0\" scrolling=\"no\" marginheight=\"0\" marginwidth=\"0\"\n\t\t\t\t\tsrc=\"https:\/\/maps.google.com\/maps?q=Turgut%20%C3%96zal%20Mahallesi%202118%20.%20Caddesi%20Do%C4%9Fan%20Park%20Konutlar%C4%B1%20No%3A%205%2F25%20A%20%2806370%29%20Yenimahalle%20%2C%20Ankara&#038;t=m&#038;z=10&#038;output=embed&#038;iwloc=near\"\n\t\t\t\t\ttitle=\"Turgut \u00d6zal Mahallesi 2118 . Caddesi Do\u011fan Park Konutlar\u0131 No: 5\/25 A (06370) Yenimahalle , Ankara\"\n\t\t\t\t\taria-label=\"Turgut \u00d6zal Mahallesi 2118 . Caddesi Do\u011fan Park Konutlar\u0131 No: 5\/25 A (06370) Yenimahalle , Ankara\"\n\t\t\t><\/iframe>\n\t\t<\/div>\n\t\t\t\t<\/div>\n\t\t\t\t<\/div>\n\t\t\t\t<div class=\"elementor-element elementor-element-1368a5a elementor-widget elementor-widget-text-editor\" data-id=\"1368a5a\" data-element_type=\"widget\" data-widget_type=\"text-editor.default\">\n\t\t\t\t<div class=\"elementor-widget-container\">\n\t\t\t\t\t\t\t\t<div class=\"elementor-text-editor elementor-clearfix\">\n\t\t\t\t<h3><strong>Krause<\/strong><\/h3><p>YD Da\u011f\u0131t\u0131m G\u0131da Temizlik Kozmetik \u0130htiya\u00e7 Maddeleri Pazarlama SAN. T\u0130C. LTD. \u015eT\u0130.<\/p><p>Turgut \u00d6zal Mahallesi 2118 . Caddesi Do\u011fan Park Konutlar\u0131 No: 5\/25 A (06370) Yenimahalle , Ankara<\/p><p><strong>T:<\/strong> 0531 554 75 26<\/p><p><strong>W: <\/strong>0546 975 66 06<\/p><p><strong>E:<\/strong> info@krause.com.tr<\/p>\t\t\t\t\t<\/div>\n\t\t\t\t\t\t<\/div>\n\t\t\t\t<\/div>\n\t\t\t\t\t\t<\/div>\n\t\t\t\t\t<\/div>\n\t\t<\/div>\n\t\t\t\t\t\t\t\t<\/div>\n\t\t\t\t\t<\/div>\n\t\t<\/section>\n\t\t\t\t\t\t<\/div>\n\t\t\t\t\t<\/div>\n\t\t<\/div>\n\t\t\t\t\t\t\t\t<\/div>\n\t\t\t\t\t<\/div>\n\t\t<\/section>\n\t\t\t\t\t\t\t\t\t<\/div>\n\t\t\t<\/div>\n\t\t\t\t\t<\/div>\n\t\t","protected":false},"excerpt":{"rendered":"<p>\u0130leti\u015fim \u0130leti\u015fim Ad\u0131n\u0131z Eposta Adresiniz Telefon Numaran\u0131z Mesaj\u0131n\u0131z Thank You &#8230; Krause YD Da\u011f\u0131t\u0131m G\u0131da Temizlik Kozmetik \u0130htiya\u00e7 Maddeleri Pazarlama SAN. T\u0130C. LTD. \u015eT\u0130. Turgut \u00d6zal Mahallesi 2118 . Caddesi Do\u011fan Park Konutlar\u0131 No: 5\/25 A (06370) Yenimahalle , Ankara T: 0531 554 75 26 W: 0546 975 66 06 E: info@krause.com.tr<\/p>\n","protected":false},"author":1,"featured_media":0,"parent":0,"menu_order":0,"comment_status":"closed","ping_status":"closed","template":"elementor_header_footer","meta":[],"_links":{"self":[{"href":"https:\/\/krause.com.tr\/index.php?rest_route=\/wp\/v2\/pages\/154"}],"collection":[{"href":"https:\/\/krause.com.tr\/index.php?rest_route=\/wp\/v2\/pages"}],"about":[{"href":"https:\/\/krause.com.tr\/index.php?rest_route=\/wp\/v2\/types\/page"}],"author":[{"embeddable":true,"href":"https:\/\/krause.com.tr\/index.php?rest_route=\/wp\/v2\/users\/1"}],"replies":[{"embeddable":true,"href":"https:\/\/krause.com.tr\/index.php?rest_route=%2Fwp%2Fv2%2Fcomments&post=154"}],"version-history":[{"count":16,"href":"https:\/\/krause.com.tr\/index.php?rest_route=\/wp\/v2\/pages\/154\/revisions"}],"predecessor-version":[{"id":1367,"href":"https:\/\/krause.com.tr\/index.php?rest_route=\/wp\/v2\/pages\/154\/revisions\/1367"}],"wp:attachment":[{"href":"https:\/\/krause.com.tr\/index.php?rest_route=%2Fwp%2Fv2%2Fmedia&parent=154"}],"curies":[{"name":"wp","href":"https:\/\/api.w.org\/{rel}","templated":true}]}}